{"id":2,"date":"2006-12-29T15:17:41","date_gmt":"2006-12-29T14:17:41","guid":{"rendered":"http:\/\/www.dvmb-augsburg.de\/cms\/?page_id=2"},"modified":"2026-04-11T11:45:50","modified_gmt":"2026-04-11T09:45:50","slug":"wir-uber-uns","status":"publish","type":"page","link":"https:\/\/www.dvmb-augsburg.de\/cms\/?page_id=2","title":{"rendered":"Wir &uuml;ber uns"},"content":{"rendered":"<p><strong>Die DVMB-Gruppe Augsburg stellt sich vor<\/strong><\/p>\nngg_shortcode_0_placeholder\n<p>Die Morbus-Bechterew-Gruppe Augsburg wurde im April 1983 gegr\u00fcndet und geh\u00f6rt der Selbsthilfeorganisation <em>Deutsche Vereinigung Morbus Bechterew e.V. (DVMB)<\/em> an.<br \/>Die ehrenamtlich gef\u00fchrte Vereinigung z\u00e4hlt heute etwa 17.000 Mitglieder, die in rund 400 Selbsthilfegruppen organisiert sind. Die \u00f6rtlichen Gruppen bieten Morbus-Bechterew-spezifische Gruppengymnastik, Information, Beratung und Begegnung an.<\/p>\n<p>Die Augsburger Gruppe umfasst rund 190 &#8222;Bechtis&#8220;, wie wir uns selbst scherzhaft nennen. Bei uns sind s\u00e4mtliche Altersschichten (von 20 bis 75) vertreten, darunter auch viele Frauen, denn Morbus Bechterew ist &#8211; im Gegensatz zur weit verbreiteten Meinung &#8211; keine Erkrankung, die nur M\u00e4nner betrifft.<\/p>\n<ul>\n<li>Wir bieten Hilfe zur Selbsthilfe, denn Bechtis brauchen Bewegung, Begegnung und Beratung, das hei\u00dft:<\/li>\n<li>Wir bieten jede Woche spezielle Funktionstrainings (Trocken- und Wassergymnastik) und organisieren zus\u00e4tzliche Sportangebote (Nordic Walking),<\/li>\n<li>Wir vermitteln Kontakte und regelm\u00e4\u00dfigen Erfahrungsaustausch,<\/li>\n<li>Wir f\u00f6rdern den Zusammenhalt unter anderen Betroffenen etwa durch abendliche Info-Treffen und gemeinsame Unternehmungen,<\/li>\n<li>Wir suchen die Zusammenarbeit mit \u00c4rzten und Therapeuten und tragen somit zur Verbesserung des k\u00f6rperlichen und geistigen Befindens bei,<\/li>\n<li>Wir informieren in regelm\u00e4\u00dfigen Abst\u00e4nden durch Veranstaltungen \u00fcber Bechterew-spezifische Themen und neue medizinische Erkenntnisse.<\/li>\n<\/ul>\nngg_shortcode_1_placeholder\n<p>Weitere Gruppen in der Umgebung von Augsburg finden Sie u.a. in Dachau, Donauw\u00f6rth, F\u00fcrstenfeldbruck, Ichenhausen, Ingolstadt, Kaufbeuren, Kempten, Landsberg (Lech), Memmingen und Neuburg (Donau). Die komplette Liste aller bayerischen Therapiegruppen des DVMB erhalten Sie unter <a href=\"http:\/\/www.dvmb-by.de\/\" target=\"_blank\" rel=\"noopener noreferrer\">www.dvmb-by.de<\/a>.<\/p>\n<p>Wir w\u00fcrden uns freuen, wenn auch Sie sich unserer Gruppe anschlie\u00dfen m\u00f6chten.<\/p>\n<p>Weitere Informationen erhalten Sie bei unseren Gruppensprechern:<br \/>E-Mail: gruppensprecher <img decoding=\"async\" src=\"https:\/\/www.dvmb-augsburg.de\/cms\/wp-content\/at.gif\" alt=\"\" width=\"15\"> dvmb-augsburg.de<\/p>\n\n\n<div class=\"wp-block-media-text alignwide is-stacked-on-mobile is-vertically-aligned-top\" style=\"grid-template-columns:22% auto\"><figure class=\"wp-block-media-text__media\"><\/figure><div class=\"wp-block-media-text__content\">\n<p><strong>Herbert Failer (Gruppensprecher)<\/strong><\/p>\n\n\n\n<p>Oberer Anger 1<br>86438 Kissing<br>Mobil: 0170 4441919<\/p>\n<\/div><\/div>\n\n\n\n<div class=\"wp-block-media-text alignwide is-stacked-on-mobile is-vertically-aligned-top\" style=\"grid-template-columns:23% auto\"><figure class=\"wp-block-media-text__media\"><img loading=\"lazy\" decoding=\"async\" width=\"322\" height=\"443\" src=\"https:\/\/www.dvmb-augsburg.de\/cms\/wp-content\/tino-banani-1-3.jpg\" alt=\"\" class=\"wp-image-3486 size-full\" srcset=\"https:\/\/www.dvmb-augsburg.de\/cms\/wp-content\/tino-banani-1-3.jpg 322w, https:\/\/www.dvmb-augsburg.de\/cms\/wp-content\/tino-banani-1-3-218x300.jpg 218w\" sizes=\"auto, (max-width: 322px) 100vw, 322px\" \/><\/figure><div class=\"wp-block-media-text__content\">\n<p class=\"has-text-align-left\"><strong>Tino Banini (stellvertr. Gruppensprecher)<\/strong><br><br>Wilhelm-Hauff-Str. 31<br>86199 Augsburg<br>Mobil: 0176 24337586<\/p>\n<\/div><\/div>\n","protected":false},"excerpt":{"rendered":"<p>Die DVMB-Gruppe Augsburg stellt sich vor Die Morbus-Bechterew-Gruppe Augsburg wurde im April 1983 gegr\u00fcndet und geh\u00f6rt der Selbsthilfeorganisation Deutsche Vereinigung Morbus Bechterew e.V. (DVMB) an.Die ehrenamtlich gef\u00fchrte Vereinigung z\u00e4hlt heute etwa 17.000 Mitglieder, die in rund 400 Selbsthilfegruppen organisiert sind. &hellip; <a href=\"https:\/\/www.dvmb-augsburg.de\/cms\/?page_id=2\">Weiterlesen <span class=\"meta-nav\">&rarr;<\/span><\/a><\/p>\n","protected":false},"author":1,"featured_media":0,"parent":0,"menu_order":1,"comment_status":"closed","ping_status":"closed","template":"","meta":{"ngg_post_thumbnail":0,"footnotes":""},"class_list":["post-2","page","type-page","status-publish","hentry"],"_links":{"self":[{"href":"https:\/\/www.dvmb-augsburg.de\/cms\/index.php?rest_route=\/wp\/v2\/pages\/2","targetHints":{"allow":["GET"]}}],"collection":[{"href":"https:\/\/www.dvmb-augsburg.de\/cms\/index.php?rest_route=\/wp\/v2\/pages"}],"about":[{"href":"https:\/\/www.dvmb-augsburg.de\/cms\/index.php?rest_route=\/wp\/v2\/types\/page"}],"author":[{"embeddable":true,"href":"https:\/\/www.dvmb-augsburg.de\/cms\/index.php?rest_route=\/wp\/v2\/users\/1"}],"replies":[{"embeddable":true,"href":"https:\/\/www.dvmb-augsburg.de\/cms\/index.php?rest_route=%2Fwp%2Fv2%2Fcomments&post=2"}],"version-history":[{"count":62,"href":"https:\/\/www.dvmb-augsburg.de\/cms\/index.php?rest_route=\/wp\/v2\/pages\/2\/revisions"}],"predecessor-version":[{"id":3953,"href":"https:\/\/www.dvmb-augsburg.de\/cms\/index.php?rest_route=\/wp\/v2\/pages\/2\/revisions\/3953"}],"wp:attachment":[{"href":"https:\/\/www.dvmb-augsburg.de\/cms\/index.php?rest_route=%2Fwp%2Fv2%2Fmedia&parent=2"}],"curies":[{"name":"wp","href":"https:\/\/api.w.org\/{rel}","templated":true}]}}